{"id":28725,"date":"2023-02-04T01:08:32","date_gmt":"2023-02-04T00:08:32","guid":{"rendered":"https:\/\/sneakerb0b.de\/releases\/?page_id=28725"},"modified":"2023-02-04T01:08:33","modified_gmt":"2023-02-04T00:08:33","slug":"datenschutzerklaerung","status":"publish","type":"page","link":"https:\/\/sneakerb0b.de\/releases\/datenschutzerklaerung","title":{"rendered":"Datenschutzerkl\u00e4rung"},"content":{"rendered":"\n<h3>A. Grundlegende Angaben<\/h3>\n<p><strong>1. Verantwortlichkeit f\u00fcr die Datenverarbeitung <\/strong><br \/>\u00a0<\/p>\n<p><img decoding=\"async\" class=\"alignnone size-full wp-image-8755\" title=\"imp\" src=\"https:\/\/sneakerb0b.de\/wp-content\/uploads\/2012\/04\/impressum.png\" alt=\"\" \/><br \/>\u00a0<br \/>\u00a0<\/p>\n<p><strong>2. Zust\u00e4ndige Aufsichtsbeh\u00f6rde<\/strong><br \/>Sofern Sie der Ansicht sind, dass die Verarbeitung ihrer personenbezogenen Daten durch die GDD nicht rechtm\u00e4\u00dfig erfolgt, k\u00f6nnen Sie sich mit Ihrer Beschwerde an jede Datenschutz-Aufsichtsbeh\u00f6rde wenden. Die gem. Art. 55 DS-GVO zust\u00e4ndige Aufsichtsbeh\u00f6rde ist die<br \/>\u00a0<br \/>Landesbeauftragte f\u00fcr Datenschutz und Informationsfreiheit Nordrhein-Westfalen<br \/>Postfach 20 04 44<br \/>40102 D\u00fcsseldorf<br \/>\u00a0<br \/>Tel.: 0211\/38424-0<br \/>Fax: 0211\/38424-10<br \/>E-Mail: poststelle@ldi.nrw.de<br \/>\u00a0<br \/>\u00a0<\/p>\n<p><strong>3. Ihre Rechte<\/strong><br \/>Nach Ma\u00dfgabe der gesetzlichen Vorschriften haben Sie als Betroffener das Recht, jederzeit unentgeltlich Auskunft \u00fcber Ihre, bei uns gespeicherten Daten zu erhalten.<br \/>Dar\u00fcber hinaus k\u00f6nnen Sie Ihre Rechte auf Berichtigung, L\u00f6schung oder Einschr\u00e4nkung der Verarbeitung oder das Recht auf Widerspruch jederzeit gegen\u00fcber uns geltend machen. Dies gilt auch f\u00fcr ein Recht auf Daten\u00fcbertragbarkeit.<br \/>Sollten Sie uns Ihre personenbezogenen Daten auf Basis einer Einwilligung zur Verf\u00fcgung gestellt haben, k\u00f6nnten Sie die Einwilligung jederzeit f\u00fcr die Zukunft widerrufen.<br \/>\u00a0<br \/>\u00a0<br \/>\u00a0<\/p>\n<h3>B. Zwecke und Umfang der Datenverarbeitung<\/h3>\n<p>\u00a0<\/p>\n<p><strong>Verarbeitung von Kommunikationsdaten<\/strong><br \/>Bei jedem Zugriff eines Nutzers auf eine Seite aus dem Angebot von sneakerb0b.de und bei jedem Abruf einer Datei werden Zugriffsdaten \u00fcber diesen Vorgang in einer Protokolldatei auf unserem Server gespeichert.<br \/>\u00a0<\/p>\n<p>Jeder Datensatz besteht aus:<br \/>\u2022 der Seite, von der aus die Datei angefordert wurde (sog. Referrer-URL)<br \/>\u2022 dem Namen der Datei<br \/>\u2022 dem Datum und Uhrzeit der Anforderung (sog. &#8222;time stamp&#8220;)<br \/>\u2022 der \u00fcbertragenen Datenmenge<br \/>\u2022 dem Zugriffsstatus (Datei \u00fcbertragen, Datei nicht gefunden etc.)<br \/>\u2022 einer Beschreibung des Typs des verwendeten Internetbetrachtungsprogramms (z.B. Mozilla Firefox, Google Chrome oder Microsoft Internetexplorer, Apple Safari, Opera etc.)<br \/>\u2022 Drei Cookies<br \/>IP-Adressen werden unmittelbar nach der Erhebung in den Log-Files unseres Webservers anonymisiert. Die Rechtsgrundlage hierf\u00fcr ist bis zur Anonymisierung Art. 6 Abs. 1 lit. c DS-GVO.<br \/>\u00a0<br \/>\u00a0<br \/>\u00a0<\/p>\n<p><strong>Verarbeitung von Inhaltsdaten<\/strong><br \/>Sofern innerhalb des Internetangebotes die M\u00f6glichkeit zur Eingabe pers\u00f6nlicher oder gesch\u00e4ftlicher Daten (E-Mail-Adressen, Namen, Anschriften) besteht, so beispielsweise \u00fcber unser Kontaktformular, erfolgt die Preisgabe dieser Daten seitens des Nutzers auf ausdr\u00fccklich freiwilliger Basis gem. Art. 6 Abs. 1 lit. a DS-GVO oder auf Grundlage eines bestehenden Vertragsverh\u00e4ltnisses gem. Art 6 Abs. 1 lit. b DS-GVO. Auch hier werden Ihre Daten vertraulich behandelt und ohne Ihre Einwilligung nicht an Dritte weitergegeben. Auch eine Verkn\u00fcpfung mit oben genannten Kommunikationsdaten findet nicht statt.<br \/>EMPF\u00c4NGER VON DATEN<br \/>Wir geben Ihre Daten grunds\u00e4tzlich nicht an Dritte weiter, es sei denn Sie haben hierzu eingewilligt.<br \/>F\u00fcr das Hosting und die Wartung unserer Webseite und den Versand unseres Newsletters sind wir jedoch auf den Einsatz von Dienstleistern angewiesen, die wir \u00fcber eine Auftragsverarbeitung auf die Einhaltung der gesetzlichen Vorgaben verpflichten.<br \/>\u00a0<\/p>\n<p><strong>COOKIES<\/strong><br \/>Was sind Cookies und wie setzen wir sie ein?<br \/>Cookies sind kleine Textdateien, die zusammen mit den eigentlich angeforderten Daten aus dem Internet an Ihren Computer \u00fcbermittelt werden. Dort werden diese Daten gespeichert und f\u00fcr einen sp\u00e4teren Abruf bereitgehalten.<br \/>Wir setzen in einigen Bereichen Cookies ein. Auch auf extern -also au\u00dferhalb des von uns redaktionell betreuten Verantwortungsbereichs &#8211; verlinkten Internetseiten k\u00f6nnen m\u00f6glicherweise Cookies zum Einsatz kommen, ohne dass wir Sie vorher darauf hinweisen k\u00f6nnen.<br \/>Insbesondere im Rahmen der Anmeldung werden sog. Sitzungs-Cookies ben\u00f6tigt, da wir aus Gr\u00fcnden der Benutzerfreundlichkeit bei der Authentifizierung und zur Zugriffssteuerung auf die verschiedenen Bereiche unseres Portals ein sog. Single-Sign-On Konzept verwenden.<br \/>Dies umfasst das Einrichten einer \u201eSitzung\u201c zwischen dem Client und Server, welche Ihnen die Bewegung im gesamten Portal erm\u00f6glicht, ohne dass Sie sich f\u00fcr jeden Bereich erneut anmelden zu m\u00fcssen. Diese Sitzung wird dabei durch ein Cookie dargestellt, in welchem eine zuf\u00e4llig generierte Nummer abgelegt wird.<br \/>Ferner werden in einem weiteren Cookie die Ihnen zugeordneten Login-Informationen (Benutzername, Benutzerrechte und die G\u00fcltigkeit der Sitzung) zur Zugriffssteuerung gespeichert. Sie k\u00f6nnen sich dies als Ersatzanmeldeinformationen vorstellen. Anstatt Sie ggf. zur erneuten Eingabe Ihrer Anmeldeinformationen aufzufordern, wird das Cookie an den Server gesendet und als Identit\u00e4tsbeweis akzeptiert.<br \/>\u00a0<\/p>\n<p><strong>G\u00fcltigkeit von Cookies<\/strong><br \/>Die G\u00fcltigkeit unserer Cookies ist beschr\u00e4nkt. Eine Verkn\u00fcpfung mit personenbezogenen Daten findet nicht statt.<br \/>Die meisten Browser sind so eingestellt, dass sie Cookies automatisch akzeptieren. Sie k\u00f6nnen das Speichern von Cookies jedoch deaktivieren oder Ihren Browser so einstellen, dass er Sie benachrichtigt, sobald Cookies gesetzt werden.<br \/>\u00a0<\/p>\n<p><strong>Affiliate-Partnerprogramme<\/strong><br \/>Im Sinne eines wirtschaftlichen Betriebs unseres Internet-Angebots nehmen wir an Affiliate-Partnerprogrammen teil. Hierbei wird \u00fcber ein erforderliches Tracking nachverfolgt, ob Webseiten-Besucher die durch uns beworbenen Angebote oder Dienstleistungen in Anspruch nehmen. Dies erfolgt u.a. \u00fcber die Erg\u00e4nzung eines sog. Affiliate-Links zum beworbenen Angebot, der Webseite, die den Affiliate-Link auff\u00fchrt sowie zum Nutzer. Bei den Nutzerkennungen handelt es sich um Pseudonyme, die keinen unmittelbaren R\u00fcckschluss auf die jeweilige Person zulassen. Die Rechtsgrundlage f\u00fcr die Verarbeitung personenbezogener Daten durch sneakerb0b.de ist Art. 6 Abs. 1 lit. f DS-GVO. Sie k\u00f6nnen sich beim jeweiligen Anbieter der Produkte und Dienstleistungen \u00fcber den weiteren Umgang mit Ihren personenbezogenen Daten in der jeweiligen Datenschutzerkl\u00e4rung informieren. Dies betrifft auch den Einsatz von Cookies.<br \/>\u00a0<br \/>\u00a0<\/p>\n<h3>WEB-ANALYSE<\/h3>\n<p>\u00a0<br \/><strong>Google Analytics<\/strong><br \/>sneakerb0b.de st\u00e4rker im Hinblick auf die Bed\u00fcrfnisse der NutzerInnen zu optimieren, analysieren wir das Nutzungsverhalten der Besucher unserer Website (z.B. welche Inhalte sind besonders begehrt? Welche nicht?). Hierzu setzen wir auf unseren Webseiten den Webanalysedienst Google Analytics ein.<br \/>Google Analytics verwendet Cookies, die auf Ihrem Computer gespeichert werden und die eine Analyse der Benutzung der Website durch Sie erm\u00f6glichen. Die durch das Cookie erzeugten Informationen \u00fcber Ihre Benutzung dieser Website werden in der Regel an einen Server von Google in den USA \u00fcbertragen und dort gespeichert.<br \/>sneakerb0b.de setzt die IP-Anonymisierung auf dieser Website ein, so dass IP-Adresse von Google jedoch innerhalb von Mitgliedstaaten der Europ\u00e4ischen Union oder in anderen Vertragsstaaten des Abkommens \u00fcber den Europ\u00e4ischen Wirtschaftsraum zuvor gek\u00fcrzt. Nur in Ausnahmef\u00e4llen wird die volle IP-Adresse an einen Server von Google in den USA \u00fcbertragen und dort gek\u00fcrzt. Im Auftrag des Betreibers dieser Website wird Google diese Informationen benutzen, um Ihre Nutzung der Website auszuwerten, um Reports \u00fcber die Websiteaktivit\u00e4ten zusammenzustellen und um weitere mit der Websitenutzung und der Internetnutzung verbundene Dienstleistungen gegen\u00fcber dem Websitebetreiber zu erbringen. Die im Rahmen von Google Analytics von Ihrem Browser \u00fcbermittelte IP-Adresse wird nicht mit anderen Daten von Google zusammengef\u00fchrt. Sie k\u00f6nnen die Speicherung der Cookies durch eine entsprechende Einstellung Ihrer Browser-Software verhindern; wir weisen Sie jedoch darauf hin, dass Sie in diesem Fall gegebenenfalls nicht s\u00e4mtliche Funktionen dieser Website vollumf\u00e4nglich werden nutzen k\u00f6nnen. Sie k\u00f6nnen dar\u00fcber hinaus die Erfassung der durch das Cookie erzeugten und auf Ihre Nutzung der Website bezogenen Daten (inkl. Ihrer IP-Adresse) an Google sowie die Verarbeitung dieser Daten durch Google verhindern, indem Sie das unter dem folgenden Link (http:\/\/tools.google.com\/dlpage\/gaoptout?hl=de) verf\u00fcgbare Browser-Plugin herunterladen und installieren.<br \/>\u00a0<br \/>Sie k\u00f6nnen die Erfassung durch Google Analytics auf dieser Webseite verhindern, indem Sie auf folgenden Link klicken. Es wird ein Opt-Out-Cookie gesetzt, das die zuk\u00fcnftige Erfassung Ihrer Daten beim Besuch dieser Webseite verhindert:<br \/>[ga_optout]<\/p>\n<p>\u00a0<\/p>\n<p><strong>Google AdSense<\/strong><br \/>1. Unsere Website nutzt Google AdSense, einen Online-Werbedienst der Google Inc. (\u201eGoogle\u201c). Google AdSense verwendet sog. \u201eCookies\u201c, Textdateien, die auf dem Computer der Nutzer gespeichert werden und die eine Analyse der Benutzung der Website erm\u00f6glicht. Google AdSense verwendet auch sogenannte Web Beacons (unsichtbare Grafiken). Durch diese Web Beacons k\u00f6nnen Informationen wie der Besucherverkehr auf den Seiten dieses Angebots ausgewertet werden. Die durch Cookies und Web Beacons erzeugten Informationen \u00fcber die Benutzung dieser Website (einschlie\u00dflich der IP-Adresse der Nutzer) und Auslieferung von Werbeformaten werden an einen Server von Google in den USA \u00fcbertragen und dort gespeichert. Diese Informationen k\u00f6nnen von Google an Vertragspartner von Google weitergegeben werden. Google wird Ihre IP-Adresse jedoch nicht mit anderen von Ihnen gespeicherten Daten zusammenf\u00fchren.<br \/>2. Nutzer k\u00f6nnen die Installation der Cookies von Google AdSense auf verschiedene Weise verhindern:<br \/>a) durch eine entsprechende Einstellung der Browser-Software;<br \/>b) durch Deaktivierung der interessenbezogenen Anzeigen bei Google;<br \/>c) durch Deaktivierung der interessenbezogenen Anzeigen der Anbieter, die Teil der Selbstregulierungs-Kampagne \u201eAbout Ads\u201c sind;<br \/>d) durch dauerhafte Deaktivierung durch ein Browser-Plug-in.<br \/>Die Einstellungen unter b) und c) werden gel\u00f6scht, wenn Cookies in den Browsereinstellungen gel\u00f6scht werden.<br \/>3. N\u00e4here Informationen zu Datenschutz und Cookies f\u00fcr Werbung bei Google AdSense sind in der Datenschutzerkl\u00e4rung von Google, insbesondere unter den folgenden Links zu finden:<br \/>http:\/\/www.google.de\/policies\/privacy\/partners\/<br \/>http:\/\/www.google.de\/intl\/de\/policies\/technologies\/ads<br \/>http:\/\/support.google.com\/adsense\/answer\/2839090<br \/>\u00a0<\/p>\n<p><strong>Newsletter<\/strong><br \/>sneakerb0b.de versendet einen Newsletter mit werblichen Informationen, jedoch nur nach vorheriger Einwilligung des Betroffenen gem. Art. 6 Abs. 1 lit. a DS-GVO.<br \/>Die Anmeldung zu unserem Newsletter erfolgt in einem sog. Double-Opt-In-Verfahren. D.h. Sie erhalten nach der Anmeldung eine E-Mail, in der Sie um die Best\u00e4tigung Ihrer Anmeldung gebeten werden. Diese Best\u00e4tigung ist notwendig, damit sich niemand mit fremden E-Mailadressen anmelden kann.<br \/>Die Anmeldungen zum Newsletter werden protokolliert, um den Anmeldeprozess entsprechend den rechtlichen Anforderungen nachweisen zu k\u00f6nnen. Hierzu geh\u00f6rt die Speicherung des Anmelde- und des Best\u00e4tigungszeitpunkts, als auch der IP-Adresse. Die Verarbeitung beruht auf Art. 6 Abs. 1 lit. f DS-GVO.<br \/>Sie k\u00f6nnen den Empfang unseres Newsletters jederzeit abbestellen, d.h. Ihre Einwilligungen widerrufen. Einen Link zur K\u00fcndigung des Newsletters finden Sie am Ende eines jeden Newsletters. Wir speichern ausgetragene E-Mail-Adressen f\u00fcr 3 Jahre gem. Art. 6 Abs. 1 lit. f DS-GVO, damit wir bereits erteilte Einwilligungen nachweisen k\u00f6nnen.<\/p>\n","protected":false},"excerpt":{"rendered":"","protected":false},"author":1,"featured_media":0,"parent":0,"menu_order":0,"comment_status":"closed","ping_status":"closed","template":"","meta":{"footnotes":""},"class_list":["post-28725","page","type-page","status-publish","hentry"],"aioseo_notices":[],"_links":{"self":[{"href":"https:\/\/sneakerb0b.de\/releases\/wp-json\/wp\/v2\/pages\/28725","targetHints":{"allow":["GET"]}}],"collection":[{"href":"https:\/\/sneakerb0b.de\/releases\/wp-json\/wp\/v2\/pages"}],"about":[{"href":"https:\/\/sneakerb0b.de\/releases\/wp-json\/wp\/v2\/types\/page"}],"author":[{"embeddable":true,"href":"https:\/\/sneakerb0b.de\/releases\/wp-json\/wp\/v2\/users\/1"}],"replies":[{"embeddable":true,"href":"https:\/\/sneakerb0b.de\/releases\/wp-json\/wp\/v2\/comments?post=28725"}],"version-history":[{"count":1,"href":"https:\/\/sneakerb0b.de\/releases\/wp-json\/wp\/v2\/pages\/28725\/revisions"}],"predecessor-version":[{"id":28726,"href":"https:\/\/sneakerb0b.de\/releases\/wp-json\/wp\/v2\/pages\/28725\/revisions\/28726"}],"wp:attachment":[{"href":"https:\/\/sneakerb0b.de\/releases\/wp-json\/wp\/v2\/media?parent=28725"}],"curies":[{"name":"wp","href":"https:\/\/api.w.org\/{rel}","templated":true}]}}